{"id":6093,"date":"2021-07-01T14:19:18","date_gmt":"2021-07-01T12:19:18","guid":{"rendered":"https:\/\/www.eydt-hotel.de\/impressum\/"},"modified":"2023-03-13T15:31:20","modified_gmt":"2023-03-13T14:31:20","slug":"impressum","status":"publish","type":"page","link":"https:\/\/www.eydt-hotel.de\/da\/impressum\/","title":{"rendered":"Impressum"},"content":{"rendered":"<div id=\"pl-gb6093-69de5e58151ed\"  class=\"panel-layout\" ><div id=\"pg-gb6093-69de5e58151ed-0\"  class=\"panel-grid panel-no-style\" ><div id=\"pgc-gb6093-69de5e58151ed-0-0\"  class=\"panel-grid-cell\" ><div id=\"panel-gb6093-69de5e58151ed-0-0-0\" class=\"so-panel widget widget_sow-headline panel-first-child panel-last-child\" data-index=\"0\" ><div\n\t\t\t\n\t\t\tclass=\"so-widget-sow-headline so-widget-sow-headline-default-e52e1b0f1aaa-6093\"\n\t\t\t\n\t\t><div class=\"sow-headline-container \">\n\t\t\t\t\t\t\t<h1 class=\"sow-headline\">\n\t\t\t\t\t\tImpressum til vores hjemmeside\t\t\t\t\t\t<\/h1>\n\t\t\t\t\t\t\t\t\t\t\t\t<h2 class=\"sow-sub-headline\">\n\t\t\t\t\t\tAlle vigtige oplysninger vedr\u00f8rende denne hjemmeside\t\t\t\t\t\t<\/h2>\n\t\t\t\t\t\t<\/div>\n<\/div><\/div><\/div><\/div><div id=\"pg-gb6093-69de5e58151ed-1\"  class=\"panel-grid panel-no-style\" ><div id=\"pgc-gb6093-69de5e58151ed-1-0\"  class=\"panel-grid-cell panel-grid-cell-mobile-last\" ><div id=\"panel-gb6093-69de5e58151ed-1-0-0\" class=\"so-panel widget widget_sow-editor panel-first-child panel-last-child\" data-index=\"1\" ><div\n\t\t\t\n\t\t\tclass=\"so-widget-sow-editor so-widget-sow-editor-base\"\n\t\t\t\n\t\t>\n<div class=\"siteorigin-widget-tinymce textwidget\">\n\t<h4>Oplysninger i henhold til \u00a7 5 i TMG (tysk lov om telemedier)<\/h4>\n<p>Hotel Eydt GmbH<br \/>\nRepr\u00e6senteret ved:<br \/>\nDirekt\u00f8r Dipl.- Kfm. Ludwig Eydt<br \/>\nHauptstra\u00dfe 19-21<br \/>\n36275 Kirchheim<\/p>\n<h4>Kontakt<\/h4>\n<p>Telefon +49 (o) 6625-92250<br \/>\nFax +49 (o) 6625-922570<br \/>\nE-mail: info@eydt.de<br \/>\nInternet: www.eydt-hotel.de<\/p>\n<h4>Momsnummer i henhold til \u00a7 27 a i tysk lov om oms\u00e6tningsafgift<\/h4>\n<p>DE 208897051<br \/>\nSkattenummer: 02315\/60016<\/p>\n<h4>Registrering i handelsregisteret<\/h4>\n<p>Handelsregister: Byretten i Bad Hersfeld<br \/>\nRegistreringsnummer: HRB 601<\/p>\n<h4>Ansvarlig for indholdet i henhold til \u00a7 55 stk. 2 i RStV (tysk medielovgivning)<\/h4>\n<p>Ludwig Eydt, Hauptstra\u00dfe 19-21, 36275 Kirchheim<\/p>\n<\/div>\n<\/div><\/div><\/div><div id=\"pgc-gb6093-69de5e58151ed-1-1\"  class=\"panel-grid-cell panel-grid-cell-empty\" ><\/div><\/div><\/div>","protected":false},"excerpt":{"rendered":"<p>Oplysninger i henhold til \u00a7 5 i TMG (tysk lov om telemedier) Hotel Eydt GmbH Repr\u00e6senteret ved: Direkt\u00f8r Dipl.- Kfm. Ludwig Eydt Hauptstra\u00dfe 19-21 36275 Kirchheim Kontakt Telefon +49 (o) 6625-92250 Fax +49 (o) 6625-922570 E-mail: info@eydt.de Internet: www.eydt-hotel.de Momsnummer i henhold til \u00a7 27 a i tysk lov om oms\u00e6tningsafgift DE 208897051 Skattenummer: 02315\/60016 [&hellip;]<\/p>\n","protected":false},"author":4,"featured_media":0,"parent":0,"menu_order":0,"comment_status":"closed","ping_status":"closed","template":"","meta":{"footnotes":""},"class_list":["post-6093","page","type-page","status-publish","hentry"],"_links":{"self":[{"href":"https:\/\/www.eydt-hotel.de\/da\/wp-json\/wp\/v2\/pages\/6093","targetHints":{"allow":["GET"]}}],"collection":[{"href":"https:\/\/www.eydt-hotel.de\/da\/wp-json\/wp\/v2\/pages"}],"about":[{"href":"https:\/\/www.eydt-hotel.de\/da\/wp-json\/wp\/v2\/types\/page"}],"author":[{"embeddable":true,"href":"https:\/\/www.eydt-hotel.de\/da\/wp-json\/wp\/v2\/users\/4"}],"replies":[{"embeddable":true,"href":"https:\/\/www.eydt-hotel.de\/da\/wp-json\/wp\/v2\/comments?post=6093"}],"version-history":[{"count":1,"href":"https:\/\/www.eydt-hotel.de\/da\/wp-json\/wp\/v2\/pages\/6093\/revisions"}],"predecessor-version":[{"id":6095,"href":"https:\/\/www.eydt-hotel.de\/da\/wp-json\/wp\/v2\/pages\/6093\/revisions\/6095"}],"wp:attachment":[{"href":"https:\/\/www.eydt-hotel.de\/da\/wp-json\/wp\/v2\/media?parent=6093"}],"curies":[{"name":"wp","href":"https:\/\/api.w.org\/{rel}","templated":true}]}}