{"id":6040,"date":"2021-07-01T08:27:09","date_gmt":"2021-07-01T06:27:09","guid":{"rendered":"https:\/\/www.eydt-hotel.de\/lecker-fruehstuecken\/"},"modified":"2024-01-02T08:52:50","modified_gmt":"2024-01-02T07:52:50","slug":"fa-en-laekker-morgenmad","status":"publish","type":"page","link":"https:\/\/www.eydt-hotel.de\/da\/fa-en-laekker-morgenmad\/","title":{"rendered":"Morgenmad p\u00e5 Hotel Eydt Kirchheim"},"content":{"rendered":"<div id=\"pl-gb6040-69de61f52fb97\"  class=\"panel-layout\" ><div id=\"pg-gb6040-69de61f52fb97-0\"  class=\"panel-grid panel-no-style\" ><div id=\"pgc-gb6040-69de61f52fb97-0-0\"  class=\"panel-grid-cell\" ><div id=\"panel-gb6040-69de61f52fb97-0-0-0\" class=\"so-panel widget widget_sow-headline panel-first-child panel-last-child\" data-index=\"0\" ><div\n\t\t\t\n\t\t\tclass=\"so-widget-sow-headline so-widget-sow-headline-default-e52e1b0f1aaa-6040\"\n\t\t\t\n\t\t><div class=\"sow-headline-container \">\n\t\t\t\t\t\t\t<h1 class=\"sow-headline\">\n\t\t\t\t\t\tAlt i vores morgenmadsbuffet\t\t\t\t\t\t<\/h1>\n\t\t\t\t\t\t\t\t\t\t\t\t<h2 class=\"sow-sub-headline\">\n\t\t\t\t\t\tEfter en behagelig nat kan du starte din dag p\u00e5 vores hotel med l\u00e6kker morgenmad.\t\t\t\t\t\t<\/h2>\n\t\t\t\t\t\t<\/div>\n<\/div><\/div><\/div><\/div><div id=\"pg-gb6040-69de61f52fb97-1\"  class=\"panel-grid panel-no-style\" ><div id=\"pgc-gb6040-69de61f52fb97-1-0\"  class=\"panel-grid-cell\" ><div id=\"panel-gb6040-69de61f52fb97-1-0-0\" class=\"so-panel widget widget_sow-editor panel-first-child panel-last-child\" data-index=\"1\" ><div\n\t\t\t\n\t\t\tclass=\"so-widget-sow-editor so-widget-sow-editor-base\"\n\t\t\t\n\t\t><h3 class=\"widget-title\">Vores alsidige morgenmadsbuffet<\/h3>\n<div class=\"siteorigin-widget-tinymce textwidget\">\n\t<p>Vi tilbyder vore g\u00e6ster en alsidig morgenmadsbuffet med mange friske produkter. Til disse kan du v\u00e6lge mellem duftende kaffe eller te, flere slags friske rundstykker, br\u00f8d og et rigeligt udvalg af andre mad- og drikkevarer.<\/p>\n<p>I de varme m\u00e5neder kan du ogs\u00e5 indtage din morgenmad p\u00e5 vores terrasse og nyde dagens start i det fri.<\/p>\n<\/div>\n<\/div><\/div><\/div><div id=\"pgc-gb6040-69de61f52fb97-1-1\"  class=\"panel-grid-cell\" ><div id=\"panel-gb6040-69de61f52fb97-1-1-0\" class=\"so-panel widget widget_media_image panel-first-child panel-last-child\" data-index=\"2\" ><img decoding=\"async\" width=\"1024\" height=\"502\" src=\"https:\/\/www.eydt-hotel.de\/wp-content\/uploads\/2021\/07\/hotel-eydt-nahaufnahme-fru\u0308hstu\u0308ck.jpg\" class=\"image wp-image-5015  attachment-full size-full\" alt=\"Nahaufnahme Fr\u00fchst\u00fcck Hotel Eydt\" style=\"max-width: 100%; height: auto;\" srcset=\"https:\/\/www.eydt-hotel.de\/wp-content\/uploads\/2021\/07\/hotel-eydt-nahaufnahme-fru\u0308hstu\u0308ck.jpg 1024w, https:\/\/www.eydt-hotel.de\/wp-content\/uploads\/2021\/07\/hotel-eydt-nahaufnahme-fru\u0308hstu\u0308ck-300x147.jpg 300w, https:\/\/www.eydt-hotel.de\/wp-content\/uploads\/2021\/07\/hotel-eydt-nahaufnahme-fru\u0308hstu\u0308ck-768x377.jpg 768w\" sizes=\"(max-width: 1024px) 100vw, 1024px\" \/><\/div><\/div><\/div><div id=\"pg-gb6040-69de61f52fb97-2\"  class=\"panel-grid panel-no-style\" ><div id=\"pgc-gb6040-69de61f52fb97-2-0\"  class=\"panel-grid-cell panel-grid-cell-mobile-last\" ><div id=\"panel-gb6040-69de61f52fb97-2-0-0\" class=\"so-panel widget widget_sow-editor panel-first-child panel-last-child\" data-index=\"3\" ><div\n\t\t\t\n\t\t\tclass=\"so-widget-sow-editor so-widget-sow-editor-base\"\n\t\t\t\n\t\t><h3 class=\"widget-title\">Priser &#8211; morgenmad<\/h3>\n<div class=\"siteorigin-widget-tinymce textwidget\">\n\t<p>Vore g\u00e6ster kan bestille morgenmaden til deres ophold p\u00e5 hotellet:<\/p>\n<p>Voksne: 15,00 \u20ac pr. person<br \/>\nB\u00f8rn mellem 6 og 12 \u00e5r: 8,00 \u20ac pr. barn<br \/>\nB\u00f8rn under 6 \u00e5r: uden beregning<\/p>\n<p>Tidspunkter for morgenmad: kl. 07:00 \u2013 kl. 09:30 (Hver dag),<br \/>\nalternativt madpakker til take away fra kl. 06.30.<\/p>\n<\/div>\n<\/div><\/div><\/div><div id=\"pgc-gb6040-69de61f52fb97-2-1\"  class=\"panel-grid-cell panel-grid-cell-empty\" ><\/div><\/div><\/div>\n\n","protected":false},"excerpt":{"rendered":"<p>Vi tilbyder vore g\u00e6ster en alsidig morgenmadsbuffet med mange friske produkter. Til disse kan du v\u00e6lge mellem duftende kaffe eller te, flere slags friske rundstykker, br\u00f8d og et rigeligt udvalg af andre mad- og drikkevarer. I de varme m\u00e5neder kan du ogs\u00e5 indtage din morgenmad p\u00e5 vores terrasse og nyde dagens start i det fri.<\/p>\n","protected":false},"author":4,"featured_media":0,"parent":0,"menu_order":0,"comment_status":"closed","ping_status":"closed","template":"","meta":{"footnotes":""},"class_list":["post-6040","page","type-page","status-publish","hentry"],"_links":{"self":[{"href":"https:\/\/www.eydt-hotel.de\/da\/wp-json\/wp\/v2\/pages\/6040","targetHints":{"allow":["GET"]}}],"collection":[{"href":"https:\/\/www.eydt-hotel.de\/da\/wp-json\/wp\/v2\/pages"}],"about":[{"href":"https:\/\/www.eydt-hotel.de\/da\/wp-json\/wp\/v2\/types\/page"}],"author":[{"embeddable":true,"href":"https:\/\/www.eydt-hotel.de\/da\/wp-json\/wp\/v2\/users\/4"}],"replies":[{"embeddable":true,"href":"https:\/\/www.eydt-hotel.de\/da\/wp-json\/wp\/v2\/comments?post=6040"}],"version-history":[{"count":22,"href":"https:\/\/www.eydt-hotel.de\/da\/wp-json\/wp\/v2\/pages\/6040\/revisions"}],"predecessor-version":[{"id":6464,"href":"https:\/\/www.eydt-hotel.de\/da\/wp-json\/wp\/v2\/pages\/6040\/revisions\/6464"}],"wp:attachment":[{"href":"https:\/\/www.eydt-hotel.de\/da\/wp-json\/wp\/v2\/media?parent=6040"}],"curies":[{"name":"wp","href":"https:\/\/api.w.org\/{rel}","templated":true}]}}