{"id":6031,"date":"2021-07-01T08:09:36","date_gmt":"2021-07-01T06:09:36","guid":{"rendered":"https:\/\/www.eydt-hotel.de\/unser-restaurant\/"},"modified":"2025-10-02T13:06:52","modified_gmt":"2025-10-02T11:06:52","slug":"restaurant","status":"publish","type":"page","link":"https:\/\/www.eydt-hotel.de\/da\/restaurant\/","title":{"rendered":"Restaurant"},"content":{"rendered":"<div id=\"pl-gb6031-69de2c47bd032\"  class=\"panel-layout wp-block-siteorigin-panels-layout-block\" ><div id=\"pg-gb6031-69de2c47bd032-0\"  class=\"panel-grid panel-no-style\" ><div id=\"pgc-gb6031-69de2c47bd032-0-0\"  class=\"panel-grid-cell\" ><div id=\"panel-gb6031-69de2c47bd032-0-0-0\" class=\"widget_text so-panel widget widget_custom_html panel-first-child panel-last-child\" data-index=\"0\" ><div class=\"textwidget custom-html-widget\"><!--\n<div class=\"alert alert-danger\" role=\"alert\">\n  <p class=\"text-center\">\n\t\tK\u00e6re g\u00e6ster, bem\u00e6rk venligst: vores restaurant vil v\u00e6re lukket fra den 27. november.\n\t<\/p>\n<\/div>\n--><\/div><\/div><\/div><\/div><div id=\"pg-gb6031-69de2c47bd032-1\"  class=\"panel-grid panel-no-style\" ><div id=\"pgc-gb6031-69de2c47bd032-1-0\"  class=\"panel-grid-cell\" ><div id=\"panel-gb6031-69de2c47bd032-1-0-0\" class=\"so-panel widget widget_sow-headline panel-first-child panel-last-child\" data-index=\"1\" ><div\n\t\t\t\n\t\t\tclass=\"so-widget-sow-headline so-widget-sow-headline-default-40c921b82c3d-6031\"\n\t\t\t\n\t\t><div class=\"sow-headline-container \">\n\t\t\t\t\t\t\t<h1 class=\"sow-headline\">\n\t\t\t\t\t\tRestaurant Bella Hof\t\t\t\t\t\t<\/h1>\n\t\t\t\t\t\t\t\t\t\t\t\t<h2 class=\"sow-sub-headline\">\n\t\t\t\t\t\tP\u00e5 Hotel Eydt finder du ikke kun komfortabel indkvartering, men du kan ogs\u00e5 spise fremragende i restauranten under Shabani-familiens gastronomiske ledelse\t\t\t\t\t\t<\/h2>\n\t\t\t\t\t\t<\/div>\n<\/div><\/div><\/div><\/div><div id=\"pg-gb6031-69de2c47bd032-2\"  class=\"panel-grid panel-no-style\" ><div id=\"pgc-gb6031-69de2c47bd032-2-0\"  class=\"panel-grid-cell\" ><div id=\"panel-gb6031-69de2c47bd032-2-0-0\" class=\"so-panel widget widget_media_image panel-first-child panel-last-child\" data-index=\"2\" ><figure style=\"width: 1024px\" class=\"wp-caption alignnone\"><img decoding=\"async\" width=\"1024\" height=\"683\" src=\"https:\/\/www.eydt-hotel.de\/wp-content\/uploads\/2021\/06\/783A4928.jpg\" class=\"image wp-image-4722  attachment-full size-full\" alt=\"Innenfoto Gastraum Momentchen Hotel Eydt Kirchheim\" style=\"max-width: 100%; height: auto;\" srcset=\"https:\/\/www.eydt-hotel.de\/wp-content\/uploads\/2021\/06\/783A4928.jpg 1024w, https:\/\/www.eydt-hotel.de\/wp-content\/uploads\/2021\/06\/783A4928-300x200.jpg 300w, https:\/\/www.eydt-hotel.de\/wp-content\/uploads\/2021\/06\/783A4928-768x512.jpg 768w, https:\/\/www.eydt-hotel.de\/wp-content\/uploads\/2021\/06\/783A4928-272x182.jpg 272w\" sizes=\"(max-width: 1024px) 100vw, 1024px\" \/><figcaption class=\"wp-caption-text\">Restaurant &#8220;Momentchen&#8221; i Hotel Eydt Kirchheim<\/figcaption><\/figure><\/div><\/div><div id=\"pgc-gb6031-69de2c47bd032-2-1\"  class=\"panel-grid-cell\" ><div id=\"panel-gb6031-69de2c47bd032-2-1-0\" class=\"so-panel widget widget_sow-editor panel-first-child panel-last-child\" data-index=\"3\" ><div\n\t\t\t\n\t\t\tclass=\"so-widget-sow-editor so-widget-sow-editor-base\"\n\t\t\t\n\t\t><h3 class=\"widget-title\">Tysk-italiensk k\u00f8kken i hyggelig atmosf\u00e6re<\/h3>\n<div class=\"siteorigin-widget-tinymce textwidget\">\n\t<div class=\"eleven columns page-wrap \">Restauranten har i \u00f8jeblikket \u00e5bent mandag til s\u00f8ndag fra kl. 18:00 til kl. 22:00. Du vil f\u00f8le dig godt tilpas i den hyggelige atmosf\u00e6re i vores rustikke spisesal \u2018Momentchen\u2019, eller du kan nyde frisk luft og masser af solskin fra vores solterrasse.<\/div>\n<\/div>\n<\/div><\/div><\/div><\/div><div id=\"pg-gb6031-69de2c47bd032-3\"  class=\"panel-grid panel-no-style\" ><div id=\"pgc-gb6031-69de2c47bd032-3-0\"  class=\"panel-grid-cell\" ><div id=\"panel-gb6031-69de2c47bd032-3-0-0\" class=\"so-panel widget widget_sow-editor panel-first-child panel-last-child\" data-index=\"4\" ><div\n\t\t\t\n\t\t\tclass=\"so-widget-sow-editor so-widget-sow-editor-base\"\n\t\t\t\n\t\t><h3 class=\"widget-title\">Hold m\u00f8de p\u00e5 Hotel Eydt<\/h3>\n<div class=\"siteorigin-widget-tinymce textwidget\">\n\t<p>Vores hotelkompleks har i alt fire m\u00f8delokaler, som kan lejes til alle slags arrangementer s\u00e5 som m\u00f8der, foreningsfester m.m.:<\/p>\n<ul style=\"list-style-type: square;\">\n<li><strong>Restaurant \u201eMomentchen\u201c: 40 personer<\/strong><\/li>\n<li><strong>Salon \u201eZirbelstube\u201c: 45 personer<\/strong><\/li>\n<li><strong>Salon \u201eHeustadl\u201c: 60 personer<\/strong><\/li>\n<li><strong>Salon \u201eKupferspiegel\u201c: 80 personer<\/strong><\/li>\n<\/ul>\n<p>Alle lokaler kan lejes <strong>separat<\/strong>. Lokalerne Momentchen, Zirbelstube og Heustadl kan ogs\u00e5 \u00e5bnes til et <strong>stort sammenh\u00e6ngende lokale <\/strong>og har s\u00e5ledes tilstr\u00e6kkelig plads til selskaber <strong>op til 140 personer<\/strong>.<\/p>\n<\/div>\n<\/div><\/div><\/div><div id=\"pgc-gb6031-69de2c47bd032-3-1\"  class=\"panel-grid-cell\" ><div id=\"panel-gb6031-69de2c47bd032-3-1-0\" class=\"so-panel widget widget_media_image panel-first-child panel-last-child\" data-index=\"5\" ><figure style=\"width: 1024px\" class=\"wp-caption alignnone\"><img decoding=\"async\" width=\"640\" height=\"427\" src=\"https:\/\/www.eydt-hotel.de\/wp-content\/uploads\/2021\/06\/783A4918-1024x683.jpg\" class=\"image wp-image-4919  attachment-large size-large\" alt=\"Schr\u00e4gaufnahme Tagungsraum Hotel Eydt\" style=\"max-width: 100%; height: auto;\" srcset=\"https:\/\/www.eydt-hotel.de\/wp-content\/uploads\/2021\/06\/783A4918-1024x683.jpg 1024w, https:\/\/www.eydt-hotel.de\/wp-content\/uploads\/2021\/06\/783A4918-300x200.jpg 300w, https:\/\/www.eydt-hotel.de\/wp-content\/uploads\/2021\/06\/783A4918-768x512.jpg 768w, https:\/\/www.eydt-hotel.de\/wp-content\/uploads\/2021\/06\/783A4918-1536x1024.jpg 1536w, https:\/\/www.eydt-hotel.de\/wp-content\/uploads\/2021\/06\/783A4918-272x182.jpg 272w, https:\/\/www.eydt-hotel.de\/wp-content\/uploads\/2021\/06\/783A4918.jpg 1920w\" sizes=\"(max-width: 640px) 100vw, 640px\" \/><figcaption class=\"wp-caption-text\">M\u00f8delokale p\u00e5 Hotel Eydt Kirchheim<\/figcaption><\/figure><\/div><\/div><\/div><div id=\"pg-gb6031-69de2c47bd032-4\"  class=\"panel-grid panel-no-style\" ><div id=\"pgc-gb6031-69de2c47bd032-4-0\"  class=\"panel-grid-cell\" ><div id=\"panel-gb6031-69de2c47bd032-4-0-0\" class=\"so-panel widget widget_sow-editor panel-first-child panel-last-child\" data-index=\"6\" ><div\n\t\t\t\n\t\t\tclass=\"so-widget-sow-editor so-widget-sow-editor-base\"\n\t\t\t\n\t\t>\n<div class=\"siteorigin-widget-tinymce textwidget\">\n\t<p>Er du p\u00e5 jagt efter egnede lokaler til dit arrangement?<br \/>\nSp\u00f8rg os og <strong><a href=\"\/da\/reservation\/\">reserv\u00e9r<\/a><\/strong> din dato.<\/p>\n<\/div>\n<\/div><\/div><\/div><\/div><\/div>","protected":false},"excerpt":{"rendered":"","protected":false},"author":4,"featured_media":0,"parent":0,"menu_order":0,"comment_status":"closed","ping_status":"closed","template":"","meta":{"footnotes":""},"class_list":["post-6031","page","type-page","status-publish","hentry"],"_links":{"self":[{"href":"https:\/\/www.eydt-hotel.de\/da\/wp-json\/wp\/v2\/pages\/6031","targetHints":{"allow":["GET"]}}],"collection":[{"href":"https:\/\/www.eydt-hotel.de\/da\/wp-json\/wp\/v2\/pages"}],"about":[{"href":"https:\/\/www.eydt-hotel.de\/da\/wp-json\/wp\/v2\/types\/page"}],"author":[{"embeddable":true,"href":"https:\/\/www.eydt-hotel.de\/da\/wp-json\/wp\/v2\/users\/4"}],"replies":[{"embeddable":true,"href":"https:\/\/www.eydt-hotel.de\/da\/wp-json\/wp\/v2\/comments?post=6031"}],"version-history":[{"count":22,"href":"https:\/\/www.eydt-hotel.de\/da\/wp-json\/wp\/v2\/pages\/6031\/revisions"}],"predecessor-version":[{"id":6622,"href":"https:\/\/www.eydt-hotel.de\/da\/wp-json\/wp\/v2\/pages\/6031\/revisions\/6622"}],"wp:attachment":[{"href":"https:\/\/www.eydt-hotel.de\/da\/wp-json\/wp\/v2\/media?parent=6031"}],"curies":[{"name":"wp","href":"https:\/\/api.w.org\/{rel}","templated":true}]}}