{"id":6011,"date":"2021-08-06T12:52:11","date_gmt":"2021-08-06T10:52:11","guid":{"rendered":"https:\/\/www.eydt-hotel.de\/?page_id=6011"},"modified":"2026-04-23T14:10:10","modified_gmt":"2026-04-23T12:10:10","slug":"hotel-ved-a7-kirchheim-hessen","status":"publish","type":"page","link":"https:\/\/www.eydt-hotel.de\/da\/hotel-ved-a7-kirchheim-hessen\/","title":{"rendered":"Hotel ved A7"},"content":{"rendered":"<div id=\"pl-gb6011-69f46f14bf02f\"  class=\"panel-layout wp-block-siteorigin-panels-layout-block\" ><div id=\"pg-gb6011-69f46f14bf02f-0\"  class=\"panel-grid panel-no-style\" ><div id=\"pgc-gb6011-69f46f14bf02f-0-0\"  class=\"panel-grid-cell\" ><div id=\"panel-gb6011-69f46f14bf02f-0-0-0\" class=\"so-panel widget widget_sow-headline panel-first-child panel-last-child\" data-index=\"0\" ><div\n\t\t\t\n\t\t\tclass=\"so-widget-sow-headline so-widget-sow-headline-default-e52e1b0f1aaa-6011\"\n\t\t\t\n\t\t><div class=\"sow-headline-container \">\n\t\t\t\t\t\t\t<h1 class=\"sow-headline\">\n\t\t\t\t\t\tHotel ved A7 i Kirchheim (Hessen)\t\t\t\t\t\t<\/h1>\n\t\t\t\t\t\t\t\t\t\t\t\t<h2 class=\"sow-sub-headline\">\n\t\t\t\t\t\tOvernatning t\u00e6t p\u00e5 motorvejen p\u00e5 vores hotel ved A7\t\t\t\t\t\t<\/h2>\n\t\t\t\t\t\t<\/div>\n<\/div><\/div><\/div><\/div><div id=\"pg-gb6011-69f46f14bf02f-1\"  class=\"panel-grid panel-no-style\" ><div id=\"pgc-gb6011-69f46f14bf02f-1-0\"  class=\"panel-grid-cell\" ><div id=\"panel-gb6011-69f46f14bf02f-1-0-0\" class=\"so-panel widget widget_sow-editor panel-first-child panel-last-child\" data-index=\"1\" ><div\n\t\t\t\n\t\t\tclass=\"so-widget-sow-editor so-widget-sow-editor-base\"\n\t\t\t\n\t\t><h3 class=\"widget-title\">Fordele ved vores hotel<\/h3>\n<div class=\"siteorigin-widget-tinymce textwidget\">\n\t<ul>\n<li>Hotel ved <strong>A7 Kassel-Fulda<\/strong> (kun 3 minutter fra afk\u00f8rslen)<\/li>\n<li>rolige v\u00e6relser p\u00e5 trods af optimal beliggenhed<\/li>\n<li>60 km syd for <strong>Kassel<\/strong><\/li>\n<li>130 km nord for <strong>Frankfurt am Main<\/strong><\/li>\n<li>Prisgaranti ved direkte reservation p\u00e5 vores hjemmeside<\/li>\n<li>Morgenmad kan bestilles for yderligere 17,90 \u20ac<\/li>\n<li>V\u00e6relser til op til 5 personer<\/li>\n<li>Gratis parkeringspladser: Hos os kan du parkere gratis direkte ved hotellet<\/li>\n<li><strong>Kommer snart: Hotellets egne ladestandere til elbiler<\/strong> \u2013 Oplad din elbil direkte ved hotellet p\u00e5 A7: Snart st\u00e5r vores egne ladestandere til r\u00e5dighed p\u00e5 vores gratis parkeringspladser. G\u00e6ster med elbil kan i Kirchheim bekvemt oplade natten over \u2013 uden omveje og uden ventetid.<\/li>\n<li>Ladestation til elbiler i umiddelbar n\u00e6rhed (2 min, 700 m)\n<ul>\n<li>IONITY, Industriestra\u00dfe 7A, 36275 Kirchheim<\/li>\n<li>Tesla Supercharger, Hauptstra\u00dfe 1, 36275 Kirchheim<\/li>\n<\/ul>\n<\/li>\n<\/ul>\n<\/div>\n<\/div><\/div><\/div><div id=\"pgc-gb6011-69f46f14bf02f-1-1\"  class=\"panel-grid-cell\" ><div id=\"panel-gb6011-69f46f14bf02f-1-1-0\" class=\"so-panel widget widget_media_image panel-first-child panel-last-child\" data-index=\"2\" ><figure style=\"width: 1024px\" class=\"wp-caption alignnone\"><img decoding=\"async\" width=\"1024\" height=\"1022\" src=\"https:\/\/www.eydt-hotel.de\/wp-content\/uploads\/2021\/06\/hotel-eydt-kirchheim-karte-anfahrt.jpg\" class=\"image wp-image-4752  attachment-full size-full\" alt=\"Anfahrt zum Hotel an der A7\" style=\"max-width: 100%; height: auto;\" srcset=\"https:\/\/www.eydt-hotel.de\/wp-content\/uploads\/2021\/06\/hotel-eydt-kirchheim-karte-anfahrt.jpg 1024w, https:\/\/www.eydt-hotel.de\/wp-content\/uploads\/2021\/06\/hotel-eydt-kirchheim-karte-anfahrt-300x300.jpg 300w, https:\/\/www.eydt-hotel.de\/wp-content\/uploads\/2021\/06\/hotel-eydt-kirchheim-karte-anfahrt-150x150.jpg 150w, https:\/\/www.eydt-hotel.de\/wp-content\/uploads\/2021\/06\/hotel-eydt-kirchheim-karte-anfahrt-768x767.jpg 768w\" sizes=\"(max-width: 1024px) 100vw, 1024px\" \/><figcaption class=\"wp-caption-text\">K\u00f8rselsvejledning skitserer via A7, A5, A4 til Hotel Eydt Kirchheim<\/figcaption><\/figure><\/div><\/div><\/div><div id=\"pg-gb6011-69f46f14bf02f-2\"  class=\"panel-grid panel-no-style\" ><div id=\"pgc-gb6011-69f46f14bf02f-2-0\"  class=\"panel-grid-cell\" ><div id=\"panel-gb6011-69f46f14bf02f-2-0-0\" class=\"so-panel widget widget_sow-editor panel-first-child panel-last-child\" data-index=\"3\" ><div\n\t\t\t\n\t\t\tclass=\"so-widget-sow-editor so-widget-sow-editor-base\"\n\t\t\t\n\t\t><h3 class=\"widget-title\">Direkte ved Kirchheimer Dreieck<\/h3>\n<div class=\"siteorigin-widget-tinymce textwidget\">\n\t<p>Vores hotel Eydt Kirchheim ligger direkte ved\u00a0<strong>Kirchheimer Dreieck<\/strong> i Hessen. Her krydser <strong>motorvejene A7<\/strong> og <strong>A4<\/strong> hinanden midt i Tyskland. Vi befinder os ca. 60 km syd for Kassel og ca. 130 km nord for Frankfurt am Main. Kun 4 kilometer l\u00e6ngere findes <strong>Hattenbacher Dreieck<\/strong>, som igen forbinder <strong>A7<\/strong> og <strong>A5<\/strong>. Uanset om du er p\u00e5 vej mod syd p\u00e5 skiferie eller rejser til det h\u00f8je nord, tilbyder vi dig et <strong>hotel ved A7<\/strong>, s\u00e5 du sparer tid.<\/p>\n<p>Her kan du se aktuelle trafikinformationer: <a href=\"https:\/\/stau.info\/autobahndreieck\/kirchheimer-dreieck\" target=\"_blank\" rel=\"noopener\"><strong>Trafik Kirchheimer Dreieck<\/strong><\/a><\/p>\n<\/div>\n<\/div><\/div><\/div><\/div><div id=\"pg-gb6011-69f46f14bf02f-3\"  class=\"panel-grid panel-no-style\" ><div id=\"pgc-gb6011-69f46f14bf02f-3-0\"  class=\"panel-grid-cell\" ><div id=\"panel-gb6011-69f46f14bf02f-3-0-0\" class=\"so-panel widget widget_sow-editor panel-first-child panel-last-child\" data-index=\"4\" ><div\n\t\t\t\n\t\t\tclass=\"so-widget-sow-editor so-widget-sow-editor-base\"\n\t\t\t\n\t\t>\n<div class=\"siteorigin-widget-tinymce textwidget\">\n\t<h4>Kun f\u00e5 minutter fra motorvejsafk\u00f8rslen &#8220;Kirchheim&#8221;<\/h4>\n<p>Du kan finde vores hotel kun 3 minutters k\u00f8rsel fra motorvejsafk\u00f8rslen Kirchheim. Vi befinder os lige midt i det hele. Vi tilbyder dig ikke kun en optimal beliggenhed men ogs\u00e5 rolige v\u00e6relser og en fantastisk service. Vores hotel har v\u00e6ret familiedrevet siden 1858 og er nu ejet af 5. generation. Med i alt 60 v\u00e6relser tilbyder vi plads nok til overnatninger. Fra enkeltrejsende til fempersoners familien.<\/p>\n<p>Du kan se vore hotelv\u00e6relser her i <strong><a href=\"\/da\/vaerelse-oversigt\/\">v\u00e6relsesoversigten<\/a><\/strong>.<\/p>\n<\/div>\n<\/div><\/div><\/div><\/div><div id=\"pg-gb6011-69f46f14bf02f-4\"  class=\"panel-grid panel-no-style\" ><div id=\"pgc-gb6011-69f46f14bf02f-4-0\"  class=\"panel-grid-cell\" ><div id=\"panel-gb6011-69f46f14bf02f-4-0-0\" class=\"so-panel widget widget_sow-editor panel-first-child panel-last-child\" data-index=\"5\" ><div\n\t\t\t\n\t\t\tclass=\"so-widget-sow-editor so-widget-sow-editor-base\"\n\t\t\t\n\t\t><h3 class=\"widget-title\">Hold m\u00f8de midt i Tyskland<\/h3>\n<div class=\"siteorigin-widget-tinymce textwidget\">\n\t<p>Takket v\u00e6re den gode forbindelse i hver retning er vores hotel t\u00e6t p\u00e5 motorvejen ogs\u00e5 ideelt til arrangementer og konferencer. Vi har 3 m\u00f8delokaler til op til 40 deltagere. Reserv\u00e9r vore m\u00f8delokaler til dine arrangementer og m\u00f8der. Lokalerne er udstyret med moderne teknik.<\/p>\n<\/div>\n<\/div><\/div><\/div><div id=\"pgc-gb6011-69f46f14bf02f-4-1\"  class=\"panel-grid-cell\" ><div id=\"panel-gb6011-69f46f14bf02f-4-1-0\" class=\"so-panel widget widget_media_image panel-first-child panel-last-child\" data-index=\"6\" ><figure style=\"width: 1024px\" class=\"wp-caption alignnone\"><img decoding=\"async\" width=\"1024\" height=\"683\" src=\"https:\/\/www.eydt-hotel.de\/wp-content\/uploads\/2021\/06\/783A4916.jpg\" class=\"image wp-image-4724  attachment-full size-full\" alt=\"Frontaufnahme Tagungsraum Hotel Eydt\" style=\"max-width: 100%; height: auto;\" srcset=\"https:\/\/www.eydt-hotel.de\/wp-content\/uploads\/2021\/06\/783A4916.jpg 1024w, https:\/\/www.eydt-hotel.de\/wp-content\/uploads\/2021\/06\/783A4916-300x200.jpg 300w, https:\/\/www.eydt-hotel.de\/wp-content\/uploads\/2021\/06\/783A4916-768x512.jpg 768w, https:\/\/www.eydt-hotel.de\/wp-content\/uploads\/2021\/06\/783A4916-272x182.jpg 272w\" sizes=\"(max-width: 1024px) 100vw, 1024px\" \/><figcaption class=\"wp-caption-text\">M\u00f8delokale p\u00e5 Hotel Eydt Kirchheim<\/figcaption><\/figure><\/div><\/div><\/div><div id=\"pg-gb6011-69f46f14bf02f-5\"  class=\"panel-grid panel-no-style\" ><div id=\"pgc-gb6011-69f46f14bf02f-5-0\"  class=\"panel-grid-cell\" ><div id=\"panel-gb6011-69f46f14bf02f-5-0-0\" class=\"so-panel widget widget_sow-editor panel-first-child\" data-index=\"7\" ><div\n\t\t\t\n\t\t\tclass=\"so-widget-sow-editor so-widget-sow-editor-base\"\n\t\t\t\n\t\t><h3 class=\"widget-title\">Direkte reservation af overnatninger t\u00e6t p\u00e5 motorvej A7<\/h3>\n<div class=\"siteorigin-widget-tinymce textwidget\">\n\t<p>Vi h\u00e5ber, at vi har kunnet give dig lidt kendskab til vores hotel.<\/p>\n<p>Du er velkommen til at <strong><a href=\"\/da\/reservation\/\">reservere<\/a><\/strong> et v\u00e6relse hos os p\u00e5 Hotel Eydt Kirchheim.<\/p>\n<\/div>\n<\/div><\/div><div id=\"panel-gb6011-69f46f14bf02f-5-0-1\" class=\"so-panel widget widget_sow-editor panel-last-child\" data-index=\"8\" ><div\n\t\t\t\n\t\t\tclass=\"so-widget-sow-editor so-widget-sow-editor-base\"\n\t\t\t\n\t\t>\n<div class=\"siteorigin-widget-tinymce textwidget\">\n\t<p>Vi gl\u00e6der os til at byde dig velkommen og \u00f8nsker dig en god rejse til vores hotel ved A7.<\/p>\n<p>Dit team p\u00e5 Hotel Eydt Kirchheim<\/p>\n<\/div>\n<\/div><\/div><\/div><\/div><\/div>","protected":false},"excerpt":{"rendered":"<p>Hotel ved A7 Kassel-Fulda (kun 3 minutter fra afk\u00f8rslen) rolige v\u00e6relser p\u00e5 trods af optimal beliggenhed 60 km syd for Kassel 130 km nord for Frankfurt am Main Prisgaranti ved direkte reservation p\u00e5 vores hjemmeside Morgenmad kan bestilles for yderligere 17,90 \u20ac V\u00e6relser til op til 5 personer Gratis parkeringspladser: Hos os kan du parkere [&hellip;]<\/p>\n","protected":false},"author":4,"featured_media":0,"parent":0,"menu_order":0,"comment_status":"closed","ping_status":"closed","template":"","meta":{"footnotes":""},"class_list":["post-6011","page","type-page","status-publish","hentry"],"_links":{"self":[{"href":"https:\/\/www.eydt-hotel.de\/da\/wp-json\/wp\/v2\/pages\/6011","targetHints":{"allow":["GET"]}}],"collection":[{"href":"https:\/\/www.eydt-hotel.de\/da\/wp-json\/wp\/v2\/pages"}],"about":[{"href":"https:\/\/www.eydt-hotel.de\/da\/wp-json\/wp\/v2\/types\/page"}],"author":[{"embeddable":true,"href":"https:\/\/www.eydt-hotel.de\/da\/wp-json\/wp\/v2\/users\/4"}],"replies":[{"embeddable":true,"href":"https:\/\/www.eydt-hotel.de\/da\/wp-json\/wp\/v2\/comments?post=6011"}],"version-history":[{"count":15,"href":"https:\/\/www.eydt-hotel.de\/da\/wp-json\/wp\/v2\/pages\/6011\/revisions"}],"predecessor-version":[{"id":6686,"href":"https:\/\/www.eydt-hotel.de\/da\/wp-json\/wp\/v2\/pages\/6011\/revisions\/6686"}],"wp:attachment":[{"href":"https:\/\/www.eydt-hotel.de\/da\/wp-json\/wp\/v2\/media?parent=6011"}],"curies":[{"name":"wp","href":"https:\/\/api.w.org\/{rel}","templated":true}]}}